{"id":801,"date":"2020-07-08T11:43:07","date_gmt":"2020-07-08T11:43:07","guid":{"rendered":"https:\/\/timtheater.lemon.be\/?page_id=801"},"modified":"2020-07-08T14:17:09","modified_gmt":"2020-07-08T14:17:09","slug":"materiel-video-pour-la-formation","status":"publish","type":"page","link":"https:\/\/www.timtheater.be\/fr\/formules\/videomateriaal-voor-trainingen\/","title":{"rendered":"Mat\u00e9riel vid\u00e9o de formation"},"content":{"rendered":"<p>Outre la sc\u00e8ne, nous sommes \u00e9galement actifs avec le TIM en tant que <a href=\"https:\/\/www.timtheater.be\/fr\/formule\/tim-en-formation\/\" data-type=\"formule\" data-id=\"799\">les formateurs et les acteurs des jeux de r\u00f4le<\/a>. <br>Pour certains ateliers ou certaines parties des cours de formation, il n'est pas n\u00e9cessaire de faire appel \u00e0 des acteurs de jeux de r\u00f4le en chair et en os. Dans les ateliers ou les parties plus th\u00e9oriques des formations, des illustrations concises suffisent souvent. Pour cela, nous cr\u00e9ons du mat\u00e9riel vid\u00e9o simple et flexible. Nous utilisons ce mat\u00e9riel dans nos propres formations et le mettons \u00e0 la disposition d'autres formateurs dans le cadre d'un abonnement ou pour une utilisation ponctuelle.<\/p>\n\n\n\n<h3 class=\"wp-block-heading\"><br>Paquets de vid\u00e9os illustratives \u00e0 th\u00e8me<\/h3>\n\n\n\n<ul class=\"wp-block-list\"><li>Communication authentique et r\u00e9siliente (disponible)<\/li><li>Retour d'information (en cours d'\u00e9laboration)<\/li><li>Leadership (en devenir)<\/li><\/ul>\n\n\n\n<p>Vous pouvez \u00e9galement obtenir un ensemble de vid\u00e9os sur mesure, <a href=\"https:\/\/www.timtheater.be\/fr\/contact\/\" data-type=\"page\" data-id=\"325\">prendre contact<\/a> pour plus d'informations.<\/p>\n\n\n\n<h3 class=\"wp-block-heading\"><br>Exemples<br><\/h3>\n\n\n\n<figure class=\"wp-block-embed-vimeo wp-block-embed is-type-video is-provider-vimeo wp-embed-aspect-16-9 wp-has-aspect-ratio\"><div class=\"wp-block-embed__wrapper\">\n<iframe src=\"https:\/\/player.vimeo.com\/video\/435271631?dnt=1&amp;app_id=122963\" width=\"800\" height=\"450\" frameborder=\"0\" allow=\"autoplay; fullscreen; picture-in-picture\" allowfullscreen><\/iframe>\n<\/div><figcaption>Vid\u00e9o 1 Communication authentique et r\u00e9siliente<br>Bior\u00e9actions - combattre, fuir, s'immobiliser<\/figcaption><\/figure>\n\n\n\n<figure class=\"wp-block-embed-vimeo wp-block-embed is-type-video is-provider-vimeo wp-embed-aspect-16-9 wp-has-aspect-ratio\"><div class=\"wp-block-embed__wrapper\">\n<iframe src=\"https:\/\/player.vimeo.com\/video\/435273117?dnt=1&amp;app_id=122963\" width=\"800\" height=\"450\" frameborder=\"0\" allow=\"autoplay; fullscreen; picture-in-picture\" allowfullscreen><\/iframe>\n<\/div><figcaption>Vid\u00e9o 4 Communication authentique et r\u00e9siliente<br>Scripts<\/figcaption><\/figure>\n\n\n\n<h3 class=\"wp-block-heading\"><br>Caract\u00e9ristiques <\/h3>\n\n\n\n<p><br>&gt;\u00a0<strong>G\u00e9n\u00e9rique<\/strong>Les mod\u00e8les th\u00e9oriques : con\u00e7us sur la base de principes fondamentaux et faciles \u00e0 relier \u00e0 des mod\u00e8les th\u00e9oriques sp\u00e9cifiques.<\/p>\n\n\n\n<p>&gt;&nbsp;<strong>Naturel<\/strong>Les personnes n'interagissent pas comme dans les mod\u00e8les de communication abstraits et th\u00e9oriques, c'est pourquoi les vid\u00e9os en formation semblent parfois peu naturelles et suscitent des r\u00e9sistances. Dans nos vid\u00e9os, nous suivons l'esprit des mod\u00e8les et non la lettre, ce qui permet aux participants d'\u00eatre plus proches de la r\u00e9alit\u00e9.<\/p>\n\n\n\n<p>&gt;\u00a0<strong>Pointu<\/strong>Les vid\u00e9os sont g\u00e9n\u00e9ralement courtes et douces, et juste un peu exag\u00e9r\u00e9es pour faire passer le message.<\/p>\n\n\n\n<h3 class=\"wp-block-heading\">Plus d'informations<\/h3>\n\n\n\n<p>Un kit vid\u00e9o se compose d'une dizaine de courtes vid\u00e9os et d'un manuel d'accompagnement. <a href=\"https:\/\/www.timtheater.be\/fr\/contact\/\" data-type=\"page\" data-id=\"325\">Contactez nous<\/a> pour plus d'informations sur le contenu, les formules d'utilisation et les prix.<\/p>","protected":false},"excerpt":{"rendered":"<p>Naast het podium zijn we met TIM ook actief als trainers en rollenspelacteurs. Voor sommige workshops of onderdelen van trainingen is het inschakelen van live rollenspelacteurs niet nodig. In workshops of in meer theoretische onderdelen van trainingen en volstaan vaak bondige illustraties. Hiervoor cre\u00ebren we eenvoudig en flexibel inzetbaar videomateriaal. We gebruiken dit materiaal in [&hellip;]<\/p>\n","protected":false},"author":14,"featured_media":802,"parent":24,"menu_order":0,"comment_status":"closed","ping_status":"closed","template":"","meta":{"_seopress_robots_primary_cat":"","_seopress_titles_title":"","_seopress_titles_desc":"","_seopress_robots_index":"","iawp_total_views":7,"footnotes":""},"class_list":["post-801","page","type-page","status-publish","has-post-thumbnail","hentry"],"publishpress_future_action":{"enabled":false,"date":"2026-04-21 22:02:09","action":"change-status","newStatus":"draft","terms":[],"taxonomy":"","extraData":[]},"publishpress_future_workflow_manual_trigger":{"enabledWorkflows":[]},"_links":{"self":[{"href":"https:\/\/www.timtheater.be\/fr\/wp-json\/wp\/v2\/pages\/801","targetHints":{"allow":["GET"]}}],"collection":[{"href":"https:\/\/www.timtheater.be\/fr\/wp-json\/wp\/v2\/pages"}],"about":[{"href":"https:\/\/www.timtheater.be\/fr\/wp-json\/wp\/v2\/types\/page"}],"author":[{"embeddable":true,"href":"https:\/\/www.timtheater.be\/fr\/wp-json\/wp\/v2\/users\/14"}],"replies":[{"embeddable":true,"href":"https:\/\/www.timtheater.be\/fr\/wp-json\/wp\/v2\/comments?post=801"}],"version-history":[{"count":5,"href":"https:\/\/www.timtheater.be\/fr\/wp-json\/wp\/v2\/pages\/801\/revisions"}],"predecessor-version":[{"id":810,"href":"https:\/\/www.timtheater.be\/fr\/wp-json\/wp\/v2\/pages\/801\/revisions\/810"}],"up":[{"embeddable":true,"href":"https:\/\/www.timtheater.be\/fr\/wp-json\/wp\/v2\/pages\/24"}],"wp:featuredmedia":[{"embeddable":true,"href":"https:\/\/www.timtheater.be\/fr\/wp-json\/wp\/v2\/media\/802"}],"wp:attachment":[{"href":"https:\/\/www.timtheater.be\/fr\/wp-json\/wp\/v2\/media?parent=801"}],"curies":[{"name":"wp","href":"https:\/\/api.w.org\/{rel}","templated":true}]}}