{"id":4360,"date":"2025-08-20T10:02:59","date_gmt":"2025-08-20T08:02:59","guid":{"rendered":"https:\/\/www.timtheater.be\/?page_id=4360"},"modified":"2025-11-18T10:21:24","modified_gmt":"2025-11-18T09:21:24","slug":"livre","status":"publish","type":"page","link":"https:\/\/www.timtheater.be\/fr\/boek\/","title":{"rendered":"Livre : Improviser, communiquer sans ordonnance"},"content":{"rendered":"<div data-elementor-type=\"wp-page\" data-elementor-id=\"4360\" class=\"elementor elementor-4360\" data-elementor-post-type=\"page\">\n\t\t\t\t<div class=\"elementor-element elementor-element-0c23f65 e-flex e-con-boxed e-con e-parent\" data-id=\"0c23f65\" data-element_type=\"container\" data-e-type=\"container\" data-settings=\"{&quot;jet_parallax_layout_list&quot;:[]}\">\n\t\t\t\t\t<div class=\"e-con-inner\">\n\t\t\t\t<div class=\"elementor-element elementor-element-fd963b0 elementor-widget elementor-widget-spacer\" data-id=\"fd963b0\" data-element_type=\"widget\" data-e-type=\"widget\" data-widget_type=\"spacer.default\">\n\t\t\t\t<div class=\"elementor-widget-container\">\n\t\t\t\t\t\t\t<div class=\"elementor-spacer\">\n\t\t\t<div class=\"elementor-spacer-inner\"><\/div>\n\t\t<\/div>\n\t\t\t\t\t\t<\/div>\n\t\t\t\t<\/div>\n\t\t\t\t\t<\/div>\n\t\t\t\t<\/div>\n\t\t<div class=\"elementor-element elementor-element-3075f00 e-flex e-con-boxed e-con e-parent\" data-id=\"3075f00\" data-element_type=\"container\" data-e-type=\"container\" data-settings=\"{&quot;jet_parallax_layout_list&quot;:[]}\">\n\t\t\t\t\t<div class=\"e-con-inner\">\n\t\t<div class=\"elementor-element elementor-element-143fbdb e-con-full e-flex e-con e-child\" data-id=\"143fbdb\" data-element_type=\"container\" data-e-type=\"container\" data-settings=\"{&quot;jet_parallax_layout_list&quot;:[]}\">\n\t\t\t\t<div class=\"elementor-element elementor-element-e574dea elementor-widget elementor-widget-text-editor\" data-id=\"e574dea\" data-element_type=\"widget\" data-e-type=\"widget\" data-widget_type=\"text-editor.default\">\n\t\t\t\t<div class=\"elementor-widget-container\">\n\t\t\t\t\t\t\t\t\t<p>\u00a0<\/p><p>En 2024, Nathalie a lanc\u00e9 avec l'\u00e9diteur Pelckmans\u00a0<a href=\"https:\/\/www.pelckmansuitgevers.be\/improviseren.html\" target=\"_blank\" rel=\"noopener\">un livre<\/a>. Le livre rassemble la \"sagesse de l'improvisation\" que Nathalie a glan\u00e9e au fil de ses 30 ann\u00e9es d'implication dans Inspinazie. Ainsi que les liens que nous voyons quotidiennement dans notre travail de recherche d'ouverture, de connexion et de clart\u00e9 entre les gens.<\/p>\t\t\t\t\t\t\t\t<\/div>\n\t\t\t\t<\/div>\n\t\t\t\t<\/div>\n\t\t<div class=\"elementor-element elementor-element-04e8e04 e-con-full e-flex e-con e-child\" data-id=\"04e8e04\" data-element_type=\"container\" data-e-type=\"container\" data-settings=\"{&quot;jet_parallax_layout_list&quot;:[]}\">\n\t\t\t\t<div class=\"elementor-element elementor-element-ad3bcb0 elementor-widget elementor-widget-image\" data-id=\"ad3bcb0\" data-element_type=\"widget\" data-e-type=\"widget\" data-widget_type=\"image.default\">\n\t\t\t\t<div class=\"elementor-widget-container\">\n\t\t\t\t\t\t\t\t\t\t\t\t\t\t\t<img fetchpriority=\"high\" decoding=\"async\" width=\"500\" height=\"385\" src=\"https:\/\/www.timtheater.be\/wp-content\/uploads\/2024\/05\/brittraes_TIMtheaterInspinazie-500x385.jpg\" class=\"attachment-medium size-medium wp-image-3959\" alt=\"\" srcset=\"https:\/\/www.timtheater.be\/wp-content\/uploads\/2024\/05\/brittraes_TIMtheaterInspinazie-500x385.jpg 500w, https:\/\/www.timtheater.be\/wp-content\/uploads\/2024\/05\/brittraes_TIMtheaterInspinazie-1024x789.jpg 1024w, https:\/\/www.timtheater.be\/wp-content\/uploads\/2024\/05\/brittraes_TIMtheaterInspinazie-768x592.jpg 768w, https:\/\/www.timtheater.be\/wp-content\/uploads\/2024\/05\/brittraes_TIMtheaterInspinazie-1536x1184.jpg 1536w, https:\/\/www.timtheater.be\/wp-content\/uploads\/2024\/05\/brittraes_TIMtheaterInspinazie.jpg 2048w\" sizes=\"(max-width: 500px) 100vw, 500px\" \/>\t\t\t\t\t\t\t\t\t\t\t\t\t\t\t<\/div>\n\t\t\t\t<\/div>\n\t\t\t\t<\/div>\n\t\t\t\t\t<\/div>\n\t\t\t\t<\/div>\n\t\t<div class=\"elementor-element elementor-element-7e36ce4 e-flex e-con-boxed e-con e-parent\" data-id=\"7e36ce4\" data-element_type=\"container\" data-e-type=\"container\" data-settings=\"{&quot;jet_parallax_layout_list&quot;:[]}\">\n\t\t\t\t\t<div class=\"e-con-inner\">\n\t\t<div class=\"elementor-element elementor-element-07248be e-con-full e-flex e-con e-child\" data-id=\"07248be\" data-element_type=\"container\" data-e-type=\"container\" data-settings=\"{&quot;jet_parallax_layout_list&quot;:[]}\">\n\t\t\t\t<div class=\"elementor-element elementor-element-236a34f elementor-widget elementor-widget-image\" data-id=\"236a34f\" data-element_type=\"widget\" data-e-type=\"widget\" data-widget_type=\"image.default\">\n\t\t\t\t<div class=\"elementor-widget-container\">\n\t\t\t\t\t\t\t\t\t\t\t\t\t\t\t<img decoding=\"async\" width=\"333\" height=\"500\" src=\"https:\/\/www.timtheater.be\/wp-content\/uploads\/2024\/10\/Untitled-design-333x500.png\" class=\"attachment-medium size-medium wp-image-4066\" alt=\"\" srcset=\"https:\/\/www.timtheater.be\/wp-content\/uploads\/2024\/10\/Untitled-design-333x500.png 333w, https:\/\/www.timtheater.be\/wp-content\/uploads\/2024\/10\/Untitled-design-682x1024.png 682w, https:\/\/www.timtheater.be\/wp-content\/uploads\/2024\/10\/Untitled-design-768x1152.png 768w, https:\/\/www.timtheater.be\/wp-content\/uploads\/2024\/10\/Untitled-design-1024x1536.png 1024w, https:\/\/www.timtheater.be\/wp-content\/uploads\/2024\/10\/Untitled-design.png 1333w\" sizes=\"(max-width: 333px) 100vw, 333px\" \/>\t\t\t\t\t\t\t\t\t\t\t\t\t\t\t<\/div>\n\t\t\t\t<\/div>\n\t\t\t\t<\/div>\n\t\t<div class=\"elementor-element elementor-element-bb7b053 e-con-full e-flex e-con e-child\" data-id=\"bb7b053\" data-element_type=\"container\" data-e-type=\"container\" data-settings=\"{&quot;jet_parallax_layout_list&quot;:[]}\">\n\t\t\t\t<div class=\"elementor-element elementor-element-6ab51ec elementor-widget elementor-widget-text-editor\" data-id=\"6ab51ec\" data-element_type=\"widget\" data-e-type=\"widget\" data-widget_type=\"text-editor.default\">\n\t\t\t\t<div class=\"elementor-widget-container\">\n\t\t\t\t\t\t\t\t\t<p>\u00a0<em>\u00a0<\/em><\/p>\n<p><em>\u00a0<\/em><\/p>\n<p><em>Applied improvisation<\/em>L'improvisation, ou l'application des principes de l'improvisation sur la sc\u00e8ne des arts du spectacle, gagne en popularit\u00e9 dans le monde entier. En effet, si les gens veulent travailler ensemble de mani\u00e8re efficace et productive, ils doivent s'appuyer sur la qualit\u00e9 de leur communication et de leur interaction.<\/p>\n<p>L'art de l'improvisation offre des solutions et une sagesse aux professionnels, aux \u00e9quipes, aux dirigeants et aux organisations dans les moments importants. Pour faire avancer les choses, pour rendre visibles les blocages et les tensions, pour les r\u00e9soudre et voir plus d'options, et pour devenir plus r\u00e9silient. Dans ce livre, la compagnie d'improvisation th\u00e9\u00e2trale est un mod\u00e8le pour les \u00e9quipes autog\u00e9r\u00e9es et hautement agiles. \u00c0 son tour, l'improvisateur lui-m\u00eame fonctionne comme un mod\u00e8le de personne et de coll\u00e8gue r\u00e9silient, cocr\u00e9atif et spontan\u00e9.<\/p>\n<p>Dans un monde qui se laisse parfois prendre par l'illusion d'une trop grande providence, vouloir\u00a0<em>L'improvisation\u00a0<\/em>Plaider pour le pouvoir de la contingence. Un guide pour l'ici et le maintenant.<\/p>\t\t\t\t\t\t\t\t<\/div>\n\t\t\t\t<\/div>\n\t\t\t\t<\/div>\n\t\t\t\t\t<\/div>\n\t\t\t\t<\/div>\n\t\t<div class=\"elementor-element elementor-element-f188f6b e-flex e-con-boxed e-con e-parent\" data-id=\"f188f6b\" data-element_type=\"container\" data-e-type=\"container\" data-settings=\"{&quot;jet_parallax_layout_list&quot;:[]}\">\n\t\t\t\t\t<div class=\"e-con-inner\">\n\t\t<div class=\"elementor-element elementor-element-a095175 e-con-full e-flex e-con e-child\" data-id=\"a095175\" data-element_type=\"container\" data-e-type=\"container\" data-settings=\"{&quot;jet_parallax_layout_list&quot;:[]}\">\n\t\t\t\t<div class=\"elementor-element elementor-element-783560c elementor-widget elementor-widget-text-editor\" data-id=\"783560c\" data-element_type=\"widget\" data-e-type=\"widget\" data-widget_type=\"text-editor.default\">\n\t\t\t\t<div class=\"elementor-widget-container\">\n\t\t\t\t\t\t\t\t\t<p>\u00a0<\/p>\n<p>\u00a0<\/p>\n<p>Avec Inspinazie, nous avons \u00e9t\u00e9 les pionniers de ce travail\u00a0<em>d'improvisation appliqu\u00e9e<\/em>qui conna\u00eet actuellement un d\u00e9veloppement important dans le monde entier. Pour moi, ce livre est donc en partie une ode \u00e0 ce merveilleux nid d'Inspinaziens, dont vous pouvez bri\u00e8vement lire l'histoire\u00a0<a href=\"https:\/\/www.inspinazie.be\/de-historie\/\">ici<\/a>\u00a0peut lire.<br \/>L'improvisation peut \u00eatre pratiqu\u00e9e dans toutes sortes d'activit\u00e9s. On peut improviser en jouant, en cuisinant, en faisant de la musique, en d\u00e9corant une pi\u00e8ce, en jardinant, en dansant, en communiquant. Il ne faut certainement pas toujours improviser, mais nous le permettre plus souvent \u00e7a oui. Alors qu'elle peut nous conduire \u00e0 une meilleure perception, \u00e0 des choix plus appropri\u00e9s dans l'instant, \u00e0 des co-cr\u00e9ations plus fortes, entre autres choses. Le livre traite de ces valeurs ajout\u00e9es.<\/p>\t\t\t\t\t\t\t\t<\/div>\n\t\t\t\t<\/div>\n\t\t\t\t<\/div>\n\t\t<div class=\"elementor-element elementor-element-9e4dfe3 e-con-full e-flex e-con e-child\" data-id=\"9e4dfe3\" data-element_type=\"container\" data-e-type=\"container\" data-settings=\"{&quot;jet_parallax_layout_list&quot;:[]}\">\n\t\t\t\t<div class=\"elementor-element elementor-element-aed9ff3 elementor-widget elementor-widget-image\" data-id=\"aed9ff3\" data-element_type=\"widget\" data-e-type=\"widget\" data-widget_type=\"image.default\">\n\t\t\t\t<div class=\"elementor-widget-container\">\n\t\t\t\t\t\t\t\t\t\t\t\t\t\t\t<img decoding=\"async\" width=\"800\" height=\"534\" src=\"https:\/\/www.timtheater.be\/wp-content\/uploads\/2025\/08\/collage2mei-1024x683.png\" class=\"attachment-large size-large wp-image-4367\" alt=\"\" srcset=\"https:\/\/www.timtheater.be\/wp-content\/uploads\/2025\/08\/collage2mei-1024x683.png 1024w, https:\/\/www.timtheater.be\/wp-content\/uploads\/2025\/08\/collage2mei-500x333.png 500w, https:\/\/www.timtheater.be\/wp-content\/uploads\/2025\/08\/collage2mei-768x512.png 768w, https:\/\/www.timtheater.be\/wp-content\/uploads\/2025\/08\/collage2mei-1536x1024.png 1536w, https:\/\/www.timtheater.be\/wp-content\/uploads\/2025\/08\/collage2mei.png 1875w\" sizes=\"(max-width: 800px) 100vw, 800px\" \/>\t\t\t\t\t\t\t\t\t\t\t\t\t\t\t<\/div>\n\t\t\t\t<\/div>\n\t\t\t\t<\/div>\n\t\t\t\t\t<\/div>\n\t\t\t\t<\/div>\n\t\t<div class=\"elementor-element elementor-element-1b56ceb2 e-flex e-con-boxed e-con e-parent\" data-id=\"1b56ceb2\" data-element_type=\"container\" data-e-type=\"container\" data-settings=\"{&quot;jet_parallax_layout_list&quot;:[]}\">\n\t\t\t\t\t<div class=\"e-con-inner\">\n\t\t\t\t<div class=\"elementor-element elementor-element-1bb6167 elementor-widget elementor-widget-spacer\" data-id=\"1bb6167\" data-element_type=\"widget\" data-e-type=\"widget\" data-widget_type=\"spacer.default\">\n\t\t\t\t<div class=\"elementor-widget-container\">\n\t\t\t\t\t\t\t<div class=\"elementor-spacer\">\n\t\t\t<div class=\"elementor-spacer-inner\"><\/div>\n\t\t<\/div>\n\t\t\t\t\t\t<\/div>\n\t\t\t\t<\/div>\n\t\t\t\t<div class=\"elementor-element elementor-element-3b79e17 elementor-align-center elementor-widget elementor-widget-button\" data-id=\"3b79e17\" data-element_type=\"widget\" data-e-type=\"widget\" data-widget_type=\"button.default\">\n\t\t\t\t<div class=\"elementor-widget-container\">\n\t\t\t\t\t\t\t\t\t<div class=\"elementor-button-wrapper\">\n\t\t\t\t\t<a class=\"elementor-button elementor-button-link elementor-size-sm\" href=\"https:\/\/www.standaardboekhandel.be\/p\/improviseren-9789463106313\">\n\t\t\t\t\t\t<span class=\"elementor-button-content-wrapper\">\n\t\t\t\t\t\t\t\t\t<span class=\"elementor-button-text\">Achetez votre exemplaire (NL) d\u00e8s maintenant en cliquant sur ce lien<\/span>\n\t\t\t\t\t<\/span>\n\t\t\t\t\t<\/a>\n\t\t\t\t<\/div>\n\t\t\t\t\t\t\t\t<\/div>\n\t\t\t\t<\/div>\n\t\t\t\t<div class=\"elementor-element elementor-element-8e1d453 elementor-widget elementor-widget-spacer\" data-id=\"8e1d453\" data-element_type=\"widget\" data-e-type=\"widget\" data-widget_type=\"spacer.default\">\n\t\t\t\t<div class=\"elementor-widget-container\">\n\t\t\t\t\t\t\t<div class=\"elementor-spacer\">\n\t\t\t<div class=\"elementor-spacer-inner\"><\/div>\n\t\t<\/div>\n\t\t\t\t\t\t<\/div>\n\t\t\t\t<\/div>\n\t\t\t\t\t<\/div>\n\t\t\t\t<\/div>\n\t\t<div class=\"elementor-element elementor-element-d2fc86f e-flex e-con-boxed e-con e-parent\" data-id=\"d2fc86f\" data-element_type=\"container\" data-e-type=\"container\" data-settings=\"{&quot;jet_parallax_layout_list&quot;:[]}\">\n\t\t\t\t\t<div class=\"e-con-inner\">\n\t\t\t\t<div class=\"elementor-element elementor-element-a67ba5c elementor-blockquote--skin-border elementor-widget elementor-widget-blockquote\" data-id=\"a67ba5c\" data-element_type=\"widget\" data-e-type=\"widget\" data-widget_type=\"blockquote.default\">\n\t\t\t\t<div class=\"elementor-widget-container\">\n\t\t\t\t\t\t\t<blockquote class=\"elementor-blockquote\">\n\t\t\t<p class=\"elementor-blockquote__content\">\n\t\t\t\tFantastiquement \u00e9crit, direct et philosophique !\nC'est un de ces livres qui vous tient \u00e0 c\u0153ur et que vous recommandez \u00e0 qui veut l'entendre. Structur\u00e9 en 15 chapitres clairs, Nathalie vous emm\u00e8ne \u00e0 travers tout le spectre des domaines o\u00f9 les techniques d'improvisation sont utiles. Le livre est centr\u00e9 sur le cycle d'improvisation qui consiste \u00e0 observer, \u00e0 se connecter et \u00e0 aller de l'avant. Fantastiquement \u00e9crit, pratique et philosophique ! Pour moi, ce livre est \u00e0 la fois un trait\u00e9 sur les conventions qui ne sont pas toujours visibles dans notre soci\u00e9t\u00e9 et une charte sur la mani\u00e8re d'apprendre \u00e0 communiquer sans prescription.\nPour moi, c'est le livre de 2024 et il est fortement recommand\u00e9 \u00e0 tous ceux qui veulent grandir dans l'interaction humaine.\t\t\t<\/p>\n\t\t\t\t\t\t\t<div class=\"e-q-footer\">\n\t\t\t\t\t\t\t\t\t\t\t<cite class=\"elementor-blockquote__author\">Bart V.<\/cite>\n\t\t\t\t\t\t\t\t\t\t\t\t\t\t<\/div>\n\t\t\t\t\t<\/blockquote>\n\t\t\t\t\t\t<\/div>\n\t\t\t\t<\/div>\n\t\t\t\t<div class=\"elementor-element elementor-element-bc6e5fd elementor-widget elementor-widget-spacer\" data-id=\"bc6e5fd\" data-element_type=\"widget\" data-e-type=\"widget\" data-widget_type=\"spacer.default\">\n\t\t\t\t<div class=\"elementor-widget-container\">\n\t\t\t\t\t\t\t<div class=\"elementor-spacer\">\n\t\t\t<div class=\"elementor-spacer-inner\"><\/div>\n\t\t<\/div>\n\t\t\t\t\t\t<\/div>\n\t\t\t\t<\/div>\n\t\t\t\t\t<\/div>\n\t\t\t\t<\/div>\n\t\t<div class=\"elementor-element elementor-element-1240b82 e-flex e-con-boxed e-con e-parent\" data-id=\"1240b82\" data-element_type=\"container\" data-e-type=\"container\" data-settings=\"{&quot;jet_parallax_layout_list&quot;:[]}\">\n\t\t\t\t\t<div class=\"e-con-inner\">\n\t\t\t\t<div class=\"elementor-element elementor-element-5e5120f elementor-blockquote--skin-border elementor-widget elementor-widget-blockquote\" data-id=\"5e5120f\" data-element_type=\"widget\" data-e-type=\"widget\" data-widget_type=\"blockquote.default\">\n\t\t\t\t<div class=\"elementor-widget-container\">\n\t\t\t\t\t\t\t<blockquote class=\"elementor-blockquote\">\n\t\t\t<p class=\"elementor-blockquote__content\">\n\t\t\t\tUn livre tr\u00e8s polyvalent.\nJ'ai d\u00e9vor\u00e9 ce livre. J'ai d\u00e9j\u00e0 particip\u00e9 \u00e0 plusieurs ateliers sur l'improvisation, qui ont d'ailleurs chang\u00e9 ma vie. Dans ces ateliers, j'ai souvent eu l'impression que l'on acquiert \u00e9norm\u00e9ment de comp\u00e9tences. C'est pourquoi, pendant mes cours et mes formations, j'utilise toujours des exercices d'improvisation qui mettent beaucoup de choses en mouvement dans les groupes. J'ai \u00e9t\u00e9 heureuse de lire dans ce livre, de mani\u00e8re claire et explicite, ce que l'on peut d\u00e9velopper et pratiquer (et d\u00e9sapprendre !). J'ai \u00e9t\u00e9 surprise par la polyvalence et les nombreux exemples concrets issus de divers contextes d\u00e9crits dans ce livre. J'ai ador\u00e9 les r\u00e9flexions et les conseils personnels. Il est clair que l'auteur poss\u00e8de une grande expertise. Mon livre est plein de points d'exclamation et de post-its, je le reprendrai souvent. Lisez-le ! Et surtout : go\u00fbtez \u00e0 l'improvisation !\t\t\t<\/p>\n\t\t\t\t\t\t\t<div class=\"e-q-footer\">\n\t\t\t\t\t\t\t\t\t\t\t<cite class=\"elementor-blockquote__author\">Sarah<\/cite>\n\t\t\t\t\t\t\t\t\t\t\t\t\t\t<\/div>\n\t\t\t\t\t<\/blockquote>\n\t\t\t\t\t\t<\/div>\n\t\t\t\t<\/div>\n\t\t\t\t\t<\/div>\n\t\t\t\t<\/div>\n\t\t<div class=\"elementor-element elementor-element-43557e9 e-flex e-con-boxed e-con e-parent\" data-id=\"43557e9\" data-element_type=\"container\" data-e-type=\"container\" data-settings=\"{&quot;jet_parallax_layout_list&quot;:[]}\">\n\t\t\t\t\t<div class=\"e-con-inner\">\n\t\t\t\t<div class=\"elementor-element elementor-element-4c0dce8 elementor-widget elementor-widget-spacer\" data-id=\"4c0dce8\" data-element_type=\"widget\" data-e-type=\"widget\" data-widget_type=\"spacer.default\">\n\t\t\t\t<div class=\"elementor-widget-container\">\n\t\t\t\t\t\t\t<div class=\"elementor-spacer\">\n\t\t\t<div class=\"elementor-spacer-inner\"><\/div>\n\t\t<\/div>\n\t\t\t\t\t\t<\/div>\n\t\t\t\t<\/div>\n\t\t\t\t\t<\/div>\n\t\t\t\t<\/div>\n\t\t<div class=\"elementor-element elementor-element-f1eb0c2 e-flex e-con-boxed e-con e-parent\" data-id=\"f1eb0c2\" data-element_type=\"container\" data-e-type=\"container\" data-settings=\"{&quot;jet_parallax_layout_list&quot;:[]}\">\n\t\t\t\t\t<div class=\"e-con-inner\">\n\t\t\t\t<div class=\"elementor-element elementor-element-b93535f elementor-widget elementor-widget-spacer\" data-id=\"b93535f\" data-element_type=\"widget\" data-e-type=\"widget\" data-widget_type=\"spacer.default\">\n\t\t\t\t<div class=\"elementor-widget-container\">\n\t\t\t\t\t\t\t<div class=\"elementor-spacer\">\n\t\t\t<div class=\"elementor-spacer-inner\"><\/div>\n\t\t<\/div>\n\t\t\t\t\t\t<\/div>\n\t\t\t\t<\/div>\n\t\t\t\t\t<\/div>\n\t\t\t\t<\/div>\n\t\t<div class=\"elementor-element elementor-element-be9e3e5 e-flex e-con-boxed e-con e-parent\" data-id=\"be9e3e5\" data-element_type=\"container\" data-e-type=\"container\" data-settings=\"{&quot;jet_parallax_layout_list&quot;:[]}\">\n\t\t\t\t\t<div class=\"e-con-inner\">\n\t\t\t\t<div class=\"elementor-element elementor-element-694736c elementor-widget elementor-widget-spacer\" data-id=\"694736c\" data-element_type=\"widget\" data-e-type=\"widget\" data-widget_type=\"spacer.default\">\n\t\t\t\t<div class=\"elementor-widget-container\">\n\t\t\t\t\t\t\t<div class=\"elementor-spacer\">\n\t\t\t<div class=\"elementor-spacer-inner\"><\/div>\n\t\t<\/div>\n\t\t\t\t\t\t<\/div>\n\t\t\t\t<\/div>\n\t\t\t\t\t<\/div>\n\t\t\t\t<\/div>\n\t\t\t\t<\/div>","protected":false},"excerpt":{"rendered":"<p>\u00a0 In 2024 lanceerde Nathalie met uitgeverij Pelckmans\u00a0een boek. Het boek bundelt de improvisatiewijsheid die ze de afgelopen dertig jaar vanuit Inspinazie vergaarde, en de linken die we dagelijks zien in ons werk met de zoektocht naar openheid, verbinding en helderheid tussen mensen. \u00a0\u00a0 \u00a0 Applied improvisation, ofwel het toepassen van de principes van improvisatie [&hellip;]<\/p>\n","protected":false},"author":36,"featured_media":0,"parent":0,"menu_order":0,"comment_status":"closed","ping_status":"closed","template":"","meta":{"_seopress_robots_primary_cat":"","_seopress_titles_title":"Boek: Improviseren, communiceren zonder voorschrift","_seopress_titles_desc":"Nathalie Van Renterghem lanceerde een boek over het toepassen van de principes van improvisatie naast de sc\u00e8ne.","_seopress_robots_index":"","iawp_total_views":148,"footnotes":""},"class_list":["post-4360","page","type-page","status-publish","hentry"],"publishpress_future_action":{"enabled":false,"date":"2026-04-12 18:31:30","action":"change-status","newStatus":"draft","terms":[],"taxonomy":"","extraData":[]},"publishpress_future_workflow_manual_trigger":{"enabledWorkflows":[]},"_links":{"self":[{"href":"https:\/\/www.timtheater.be\/fr\/wp-json\/wp\/v2\/pages\/4360","targetHints":{"allow":["GET"]}}],"collection":[{"href":"https:\/\/www.timtheater.be\/fr\/wp-json\/wp\/v2\/pages"}],"about":[{"href":"https:\/\/www.timtheater.be\/fr\/wp-json\/wp\/v2\/types\/page"}],"author":[{"embeddable":true,"href":"https:\/\/www.timtheater.be\/fr\/wp-json\/wp\/v2\/users\/36"}],"replies":[{"embeddable":true,"href":"https:\/\/www.timtheater.be\/fr\/wp-json\/wp\/v2\/comments?post=4360"}],"version-history":[{"count":48,"href":"https:\/\/www.timtheater.be\/fr\/wp-json\/wp\/v2\/pages\/4360\/revisions"}],"predecessor-version":[{"id":4553,"href":"https:\/\/www.timtheater.be\/fr\/wp-json\/wp\/v2\/pages\/4360\/revisions\/4553"}],"wp:attachment":[{"href":"https:\/\/www.timtheater.be\/fr\/wp-json\/wp\/v2\/media?parent=4360"}],"curies":[{"name":"wp","href":"https:\/\/api.w.org\/{rel}","templated":true}]}}