{"id":4085,"date":"2024-11-15T18:31:56","date_gmt":"2024-11-15T17:31:56","guid":{"rendered":"https:\/\/www.timtheater.be\/?page_id=4085"},"modified":"2024-11-15T18:32:21","modified_gmt":"2024-11-15T17:32:21","slug":"lettres-de-cheques-cadeaux","status":"publish","type":"page","link":"https:\/\/www.timtheater.be\/fr\/cadeaubon-brieven\/","title":{"rendered":"Lettres pour les ch\u00e8ques-cadeaux"},"content":{"rendered":"<p>\u00c0 partir du 1er d\u00e9cembre, vous trouverez ici des lettres de ch\u00e8ques-cadeaux t\u00e9l\u00e9chargeables. <a href=\"https:\/\/www.timtheater.be\/fr\/evenements\/\" data-type=\"page\" data-id=\"2086\">offre ouverte <\/a>\u00e0 partir de janvier-f\u00e9vrier 2025.<br>Vous souhaitez offrir un atelier ou un cours \u00e0 quelqu'un ? <br>Suivez la m\u00e9thode de commande habituelle et utilisez une lettre de carte-cadeau pour offrir quelque chose de tangible.<\/p>","protected":false},"excerpt":{"rendered":"<p>\u00c0 partir du 1er d\u00e9cembre, vous trouverez ici des lettres de bons cadeaux t\u00e9l\u00e9chargeables pour nos offres ouvertes de janvier-f\u00e9vrier 2025.Vous voulez offrir un atelier ou un cours \u00e0 quelqu'un ? Suivez la m\u00e9thode de commande habituelle et utilisez une lettre-ch\u00e8que-cadeau pour offrir quelque chose de tangible.<\/p>","protected":false},"author":14,"featured_media":0,"parent":0,"menu_order":0,"comment_status":"closed","ping_status":"closed","template":"","meta":{"_seopress_robots_primary_cat":"","_seopress_titles_title":"","_seopress_titles_desc":"","_seopress_robots_index":"","iawp_total_views":1,"footnotes":""},"class_list":["post-4085","page","type-page","status-publish","hentry"],"publishpress_future_action":{"enabled":false,"date":"2026-05-08 16:06:44","action":"change-status","newStatus":"draft","terms":[],"taxonomy":"","extraData":[]},"publishpress_future_workflow_manual_trigger":{"enabledWorkflows":[]},"_links":{"self":[{"href":"https:\/\/www.timtheater.be\/fr\/wp-json\/wp\/v2\/pages\/4085","targetHints":{"allow":["GET"]}}],"collection":[{"href":"https:\/\/www.timtheater.be\/fr\/wp-json\/wp\/v2\/pages"}],"about":[{"href":"https:\/\/www.timtheater.be\/fr\/wp-json\/wp\/v2\/types\/page"}],"author":[{"embeddable":true,"href":"https:\/\/www.timtheater.be\/fr\/wp-json\/wp\/v2\/users\/14"}],"replies":[{"embeddable":true,"href":"https:\/\/www.timtheater.be\/fr\/wp-json\/wp\/v2\/comments?post=4085"}],"version-history":[{"count":4,"href":"https:\/\/www.timtheater.be\/fr\/wp-json\/wp\/v2\/pages\/4085\/revisions"}],"predecessor-version":[{"id":4390,"href":"https:\/\/www.timtheater.be\/fr\/wp-json\/wp\/v2\/pages\/4085\/revisions\/4390"}],"wp:attachment":[{"href":"https:\/\/www.timtheater.be\/fr\/wp-json\/wp\/v2\/media?parent=4085"}],"curies":[{"name":"wp","href":"https:\/\/api.w.org\/{rel}","templated":true}]}}